{"id":722,"date":"2025-11-06T12:58:37","date_gmt":"2025-11-06T11:58:37","guid":{"rendered":"https:\/\/augenoase.info\/?page_id=722"},"modified":"2025-11-06T13:11:16","modified_gmt":"2025-11-06T12:11:16","slug":"die-kraft-der-gewuerze","status":"publish","type":"page","link":"https:\/\/augenoase.info\/?page_id=722","title":{"rendered":"Die heilsame Kraft der Gew\u00fcrze"},"content":{"rendered":"<h2>Webinar am Samstag 29.11.25, 10:00 &#8211; 11:30<\/h2>\n<p>Wir alle kennen Gew\u00fcrze und nutzen sie f\u00fcr unserer Speisen. Doch Gew\u00fcrze k\u00f6nnen mehr als nur unsere Speisen verfeinern.<\/p>\n<p>Tauche in die wunderbare, kraftvolle Welt der Gew\u00fcrze ein. Die feine Kraft der Gew\u00fcrze hilft dir in seelischer und k\u00f6rperlicher Balance zu sein. Du erf\u00e4hrst in dem Workshop, wie du deine Gesundheit mit einer Prise Gew\u00fcrze st\u00e4rken kannst.<\/p>\n<p>Neben den vielen Informationen wollen wir 8 Gew\u00fcrze mit unseren Sinnen erfahren. Wir sehen, riechen, f\u00fchlen und schmecken die Gew\u00fcrze und h\u00f6ren die Ger\u00e4usche, die bei der Zubereitung entstehen. Jede*r bereitet einen Gew\u00fcrzsaft oder einen Lassi zu. Zus\u00e4tzlich erh\u00e4lt du ein leckeres Rezept f\u00fcr eine Schlafmilch.<\/p>\n<h2>Wann und Wo?<\/h2>\n<p><strong>Am:<\/strong> Freitag <strong>29.11.25 10:00 &#8211; 11:30<\/strong> Uhr<br \/>\n<strong>Ort:<\/strong> <strong>online<\/strong>, der Link wird nach Anmeldung verschickt<br \/>\nDein finanzieller Betrag betr\u00e4gt<strong> 25,- \u20ac<\/strong><\/p>\n<p><a class=\"wp-block-button__link has-white-color has-luminous-vivid-amber-background-color has-text-color has-background\" href=\"https:\/\/augenoase.info\/?page_id=44\">So erreichst du mich<\/a><\/p>\n<p>&nbsp;<\/p>\n","protected":false},"excerpt":{"rendered":"<p>Webinar am Samstag 29.11.25, 10:00 &#8211; 11:30 Wir alle kennen Gew\u00fcrze und nutzen sie f\u00fcr unserer Speisen. Doch Gew\u00fcrze k\u00f6nnen mehr als nur unsere Speisen verfeinern. Tauche in die wunderbare, kraftvolle Welt der Gew\u00fcrze ein. Die feine Kraft der Gew\u00fcrze hilft dir in seelischer und k\u00f6rperlicher Balance zu sein. Du erf\u00e4hrst in dem Workshop, wie [&hellip;]<\/p>\n","protected":false},"author":1,"featured_media":721,"parent":0,"menu_order":0,"comment_status":"closed","ping_status":"closed","template":"","meta":[],"_links":{"self":[{"href":"https:\/\/augenoase.info\/index.php?rest_route=\/wp\/v2\/pages\/722"}],"collection":[{"href":"https:\/\/augenoase.info\/index.php?rest_route=\/wp\/v2\/pages"}],"about":[{"href":"https:\/\/augenoase.info\/index.php?rest_route=\/wp\/v2\/types\/page"}],"author":[{"embeddable":true,"href":"https:\/\/augenoase.info\/index.php?rest_route=\/wp\/v2\/users\/1"}],"replies":[{"embeddable":true,"href":"https:\/\/augenoase.info\/index.php?rest_route=%2Fwp%2Fv2%2Fcomments&post=722"}],"version-history":[{"count":2,"href":"https:\/\/augenoase.info\/index.php?rest_route=\/wp\/v2\/pages\/722\/revisions"}],"predecessor-version":[{"id":725,"href":"https:\/\/augenoase.info\/index.php?rest_route=\/wp\/v2\/pages\/722\/revisions\/725"}],"wp:featuredmedia":[{"embeddable":true,"href":"https:\/\/augenoase.info\/index.php?rest_route=\/wp\/v2\/media\/721"}],"wp:attachment":[{"href":"https:\/\/augenoase.info\/index.php?rest_route=%2Fwp%2Fv2%2Fmedia&parent=722"}],"curies":[{"name":"wp","href":"https:\/\/api.w.org\/{rel}","templated":true}]}}