{"id":59,"date":"2014-11-22T18:59:16","date_gmt":"2014-11-22T17:59:16","guid":{"rendered":"http:\/\/augenoase.info\/?page_id=59"},"modified":"2023-07-12T17:16:20","modified_gmt":"2023-07-12T16:16:20","slug":"disclaimer","status":"publish","type":"page","link":"https:\/\/augenoase.info\/?page_id=59","title":{"rendered":"Impressum und Haftungsausschlu\u00df"},"content":{"rendered":"<h3 style=\"text-align: justify;\"><strong>Angaben gem\u00e4\u00df \u00a7 5 TMG <\/strong><\/h3>\n<p>Heilpraktikerin Petra Schneider ebenfalls Verantwortlicher f\u00fcr den Inhalt der Homepage nach \u00a7 55 Abs. 2 RStV<\/p>\n<ul>\n<li>Praxisinhaberin Petra Schneider<\/li>\n<li>Anemonenweg 9<br \/>\n18456 Sassnitz<br \/>\nTelefon: mobil 0170-7745211<br \/>\nEmail: <a title=\"Petra.Schneider@Augenoase.info\" href=\"mailto:Petra.Schneider@Augenoase.info\" target=\"_blank\" rel=\"noopener\">Petra.Schneider@Augenoase.info<\/a><\/li>\n<li>Gesetzliche Berufsbezeichnung: Heilpraktiker (verliehen in der Bundesrepublik Deutschland),\u00a0 Erlaubnis zur Ausf\u00fchrung der Heilkunde ohne Bestallung, erteilt am\u00a0 14.05.2008, Landratsamt Landshut<\/li>\n<li>Zust\u00e4ndige Aufsichtsbeh\u00f6rde: Gesundheitsamt Erding, Bajuwarenstra\u00dfe 3, 85435 Erding, <a title=\"http:\/\/www.landkreis-erding.de\/gesundheitsamt\" href=\"http:\/\/www.landkreis-erding.de\/gesundheitsamt\" target=\"_blank\" rel=\"noopener\">http:\/\/www.landkreis-erding.de\/gesundheitsamt<\/a><\/li>\n<li>Berufsrechtliche Regelungen: Gesetz \u00fcber die berufsm\u00e4\u00dfige Aus\u00fcbung der Heilkunde ohne \u00e4rztliche Bestallung (Heilpraktikergesetz) und Durchf\u00fchrungsverordnung: Nachzulesen im Internet unter<br \/>\n<a title=\"http:\/\/www.gesetze-im-internet.de\/heilprg\/index.html\" href=\"http:\/\/www.gesetze-im-internet.de\/heilprg\/index.html\" target=\"_blank\" rel=\"noopener\">http:\/\/www.gesetze-im-internet.de\/heilprg\/index.html<\/a> und<br \/>\n<a title=\"http:\/\/www.gesetze-im-internet.de\/heilprgdv_1\/index.html\" href=\"http:\/\/www.gesetze-im-internet.de\/heilprgdv_1\/index.html\" target=\"_blank\" rel=\"noopener\">http:\/\/www.gesetze-im-internet.de\/heilprgdv_1\/index.html<\/a><\/li>\n<li>Berufsverbandsmitgliedschaft in: Bund deutscher Heilpraktiker und Naturheilkundiger e.V.<\/li>\n<li>Berufsordnung: Nachzulesen im Internet unter <a title=\"http:\/\/www.bdhn.de\/berufsordnung.html\" href=\"http:\/\/www.bdhn.de\/berufsordnung.html\" target=\"_blank\" rel=\"noopener\">http:\/\/www.bdhn.de\/berufsordnung.html<\/a><\/li>\n<li>Heilkundliche T\u00e4tigkeit ist von der Umsatzsteuer nach gem\u00e4\u00df \u00a7 4 Nr.14 UStG befreit.<\/li>\n<li>Bildnachweis: Angabe der Bildagentur bzw. des Fotografen entsprechend den jeweiligen Lizenzbedingungen. Bei allen verwendeten Bildern liegt das Urheberrecht bei Frau Petra Schneider<\/li>\n<li>Berufshaftpflichtversicherung: Die Continentale Sachversicherung AG, Ruhrallee 92, 44139 Dortmund, Geltungsbereich:Bundesrepublik Deutschland<\/li>\n<\/ul>\n<h3>Eigenverantwortung<\/h3>\n<p style=\"text-align: justify;\">Jeder der mich in meiner Praxis besucht, wird von mir nach bestem Wissen achtsam und liebevoll in seiner Heilung unterst\u00fctzt.<br \/>\nIn welchem Umfang und Tiefe Heilung und Weiterentwicklung entstehen darf, h\u00e4ngt von deiner pers\u00f6nlichen Bereitschaft f\u00fcr eigen\u00adver\u00adantwortliche Heilung und deren Umsetzung ab.<\/p>\n<h3>Haftungsausschluss<\/h3>\n<p style=\"font-size: x-small;\">Quelle: eRecht24.de &#8211; Internetrecht von <a href=\"http:\/\/www.e-recht24.de\">Rechtsanwalt<\/a> S\u00f6ren Siebert<\/p>\n<p style=\"text-align: justify;\">Die Inhalte meiner Seiten wurden mit gr\u00f6\u00dfter Sorgfalt erstellt. F\u00fcr die Richtigkeit, Vollst\u00e4ndigkeit und Aktualit\u00e4t der Inhalte kann ich jedoch keine Gew\u00e4hr \u00fcbernehmen. Als Diensteanbieter bin ich gem\u00e4\u00df \u00a7 7 Abs.1 TMG f\u00fcr eigene Inhalte auf diesen Seiten nach den allgemeinen Gesetzen verantwortlich. Nach \u00a7\u00a7 8 bis 10 TMG bin ich als Diensteanbieter jedoch nicht verpflichtet, \u00fcbermittelte oder gespeicherte fremde Informationen zu \u00fcberwachen oder nach Umst\u00e4nden zu forschen, die auf eine rechtswidrige T\u00e4tigkeit hinweisen. Verpflichtungen zur Entfernung oder Sperrung der Nutzung von Informationen nach den allgemeinen Gesetzen bleiben hiervon unber\u00fchrt. Eine diesbez\u00fcgliche Haftung ist jedoch erst ab dem Zeitpunkt der Kenntnis einer konkreten Rechtsverletzung m\u00f6glich. Bei Bekanntwerden von entsprechenden Rechtsverletzungen werden wir diese Inhalte umgehend entfernen.<\/p>\n<h3><strong>Haftung f\u00fcr Links<\/strong><\/h3>\n<p style=\"text-align: justify;\">Unser Angebot enth\u00e4lt Links zu externen Webseiten Dritter, auf deren Inhalte ich keinen Einfluss haben. Deshalb kann ich f\u00fcr diese fremden Inhalte auch keine Gew\u00e4hr \u00fcbernehmen. F\u00fcr die Inhalte der verlinkten Seiten ist stets der jeweilige Anbieter oder Betreiber der Seiten verantwortlich. Die verlinkten Seiten wurden zum Zeitpunkt der Verlinkung auf m\u00f6gliche Rechtsverst\u00f6\u00dfe \u00fcberpr\u00fcft. Rechtswidrige Inhalte waren zum Zeitpunkt der Verlinkung nicht erkennbar. Eine permanente inhaltliche Kontrolle der verlinkten Seiten ist jedoch ohne konkrete Anhaltspunkte einer Rechtsverletzung nicht zumutbar. Bei Bekanntwerden von Rechtsverletzungen werden wir derartige Links umgehend entfernen.<\/p>\n<h3><strong>Urheberrecht<\/strong><\/h3>\n<p style=\"text-align: justify;\">Die durch die Seitenbetreiber erstellten Inhalte und Werke auf diesen Seiten unterliegen dem deutschen Urheberrecht. Die Vervielf\u00e4ltigung, Bearbeitung, Verbreitung und jede Art der Verwertung au\u00dferhalb der Grenzen des Urheberrechtes bed\u00fcrfen der schriftlichen Zustimmung des jeweiligen Autors bzw. Erstellers. Downloads und Kopien dieser Seite sind nur f\u00fcr den privaten, nicht kommerziellen Gebrauch gestattet. Soweit die Inhalte auf dieser Seite nicht vom Betreiber erstellt wurden, werden die Urheberrechte Dritter beachtet. Insbesondere werden Inhalte Dritter als solche gekennzeichnet. Sollten Sie trotzdem auf eine Urheberrechtsverletzung aufmerksam werden, bitten wir um einen entsprechenden Hinweis. Bei Bekanntwerden von Rechtsverletzungen werden wir derartige Inhalte umgehend entfernen.<\/p>\n<h3><strong>Datenschutz<\/strong><\/h3>\n<p style=\"text-align: justify;\">Die Nutzung meiner Webseite ist in der Regel ohne Angabe personenbezogener Daten m\u00f6glich. Soweit auf unseren Seiten personenbezogene Daten (beispielsweise Name,<br \/>\nAnschrift oder eMail-Adressen) erhoben werden, erfolgt dies, soweit m\u00f6glich, stets auf freiwilliger Basis. Diese Daten werden ohne Ihre ausdr\u00fcckliche Zustimmung nicht an Dritte weitergegeben. Ich weise darauf hin, dass die Daten\u00fcbertragung im Internet (z.B. bei der Kommunikation per E-Mail) Sicherheitsl\u00fccken aufweisen kann. Ein l\u00fcckenloser Schutz der Daten vor dem Zugriff durch Dritte ist nicht m\u00f6glich. Der Nutzung von im Rahmen der Impressumspflicht ver\u00f6ffentlichten Kontaktdaten durch Dritte zur \u00dcbersendung von nicht ausdr\u00fccklich angeforderter Werbung und Informationsmaterialien wird hiermit ausdr\u00fccklich widersprochen. Die Betreiber der Seiten behalten sich ausdr\u00fccklich rechtliche Schritte im Falle der unverlangten Zusendung von Werbeinformationen, etwa durch Spam-Mails, vor.<\/p>\n<h3><strong>Informationen zur Online-Streitbeilegung<\/strong><\/h3>\n<p>Die EU-Kommission hat eine Internetplattform zur Online-Beilegung von Streitigkeiten geschaffen. Diese Plattform dient als Anlaufstelle zur au\u00dfergerichtlichen Beilegung von Streitigkeiten betreffend vertragliche Verpflichtungen, die aus Online-Kaufvertr\u00e4gen erwachsen. Sie k\u00f6nnen die Diese Plattform unter dem folgenden Link erreichen: <a title=\"http:\/\/ec.europa.eu\/consumers\/odr\/\" href=\"http:\/\/ec.europa.eu\/consumers\/odr\/\">http:\/\/ec.europa.eu\/consumers\/odr\/<\/a><br \/>\nWir sind zur Teilnahme an einem Streitbeilegungsverfahren vor einer Verbraucherschlichtungsstelle weder verpflichtet noch bereit.<\/p>\n","protected":false},"excerpt":{"rendered":"<p>Angaben gem\u00e4\u00df \u00a7 5 TMG Heilpraktikerin Petra Schneider ebenfalls Verantwortlicher f\u00fcr den Inhalt der Homepage nach \u00a7 55 Abs. 2 RStV Praxisinhaberin Petra Schneider Anemonenweg 9 18456 Sassnitz Telefon: mobil 0170-7745211 Email: Petra.Schneider@Augenoase.info Gesetzliche Berufsbezeichnung: Heilpraktiker (verliehen in der Bundesrepublik Deutschland),\u00a0 Erlaubnis zur Ausf\u00fchrung der Heilkunde ohne Bestallung, erteilt am\u00a0 14.05.2008, Landratsamt Landshut Zust\u00e4ndige Aufsichtsbeh\u00f6rde: [&hellip;]<\/p>\n","protected":false},"author":1,"featured_media":0,"parent":0,"menu_order":0,"comment_status":"closed","ping_status":"closed","template":"","meta":[],"_links":{"self":[{"href":"https:\/\/augenoase.info\/index.php?rest_route=\/wp\/v2\/pages\/59"}],"collection":[{"href":"https:\/\/augenoase.info\/index.php?rest_route=\/wp\/v2\/pages"}],"about":[{"href":"https:\/\/augenoase.info\/index.php?rest_route=\/wp\/v2\/types\/page"}],"author":[{"embeddable":true,"href":"https:\/\/augenoase.info\/index.php?rest_route=\/wp\/v2\/users\/1"}],"replies":[{"embeddable":true,"href":"https:\/\/augenoase.info\/index.php?rest_route=%2Fwp%2Fv2%2Fcomments&post=59"}],"version-history":[{"count":15,"href":"https:\/\/augenoase.info\/index.php?rest_route=\/wp\/v2\/pages\/59\/revisions"}],"predecessor-version":[{"id":604,"href":"https:\/\/augenoase.info\/index.php?rest_route=\/wp\/v2\/pages\/59\/revisions\/604"}],"wp:attachment":[{"href":"https:\/\/augenoase.info\/index.php?rest_route=%2Fwp%2Fv2%2Fmedia&parent=59"}],"curies":[{"name":"wp","href":"https:\/\/api.w.org\/{rel}","templated":true}]}}