{"id":52,"date":"2014-11-22T18:50:01","date_gmt":"2014-11-22T17:50:01","guid":{"rendered":"http:\/\/augenoase.info\/?page_id=52"},"modified":"2015-03-25T19:24:25","modified_gmt":"2015-03-25T18:24:25","slug":"betriebe","status":"publish","type":"page","link":"https:\/\/augenoase.info\/?page_id=52","title":{"rendered":"Angebot f\u00fcr Betriebe: <br>Vitale Augen am Arbeitsplatz"},"content":{"rendered":"<h3>Was hat Sehtraining mit meinem Betrieb zu tun?<\/h3>\n<p style=\"text-align: justify;\">Tr\u00e4nende, juckende und m\u00fcde Augen entstehen schnell bei augenbelastenden T\u00e4tigkeiten wie das Arbeiten am PC, Laptop &amp; Co, im k\u00fcnstlichen Licht und bei starker Leset\u00e4tigkeit. Diese f\u00fcr die Augen belastenden Situationen geben uns Gef\u00fchle der M\u00fcdigkeit und der Gereiztheit und f\u00fchren h\u00e4ufig zu Einschr\u00e4nkungen der Konzentration. \u00dcber einen l\u00e4ngeren Zeitraum sinkt dadurch die Motivation und die Neigung zu erkranken erh\u00f6ht sich. Nachweislich entstehen Kopfschmerzen u.\u00e4. auch durch \u00fcberanstrengte Augen.<\/p>\n<p style=\"text-align: justify;\">Haben Ihre Mitarbeiter dagegen aktive und entspannte Augen, steigert dies die <b>Konzentrationsf\u00e4higkeit<\/b> und die <b>Arbeitsmotivation<\/b>. Dies hat in der Regel, die bekannten positiven Auswirkungen wie z.B.<\/p>\n<ul>\n<li>die Senkung von Fehlerraten<\/li>\n<li>Steigerung der Leistungsbereitschaft<\/li>\n<li>Verbesserung des Betriebsklimas (z.B. freundlicher Umgangston da das Anspannungsgef\u00fchl rund um die Augen aufgefangen wurde).<\/li>\n<\/ul>\n<p style=\"text-align: justify;\">Des weiteren entsteht durch das Anbieten eines Augenkurses bei den Mitarbeitern das Gef\u00fchl vom Arbeitgeber beachtet zu werden, was sich bekanntlich positiv auf die Einsatzbereitschaft auswirkt.<\/p>\n<h3>Mein Angebot f\u00fcr Sie<\/h3>\n<p style=\"text-align: justify;\">Ich biete Ihrem Betrieb einen Workshop zum gesunden Sehen am Arbeitsplatz an.<br \/>\nDieser Workshop deckt je nach zeitlichem Umfang folgende Themenbereiche ab:<\/p>\n<ul>\n<li>kurze Vermittlung von Grundlagenwissen \u00fcber das Auge und die Funktionsweise<\/li>\n<li>Optimierung der Sehqualit\u00e4t durch leicht umsetzbare Augen\u00fcbungen<\/li>\n<li>Vermeidung und Abbau von Sehstresssymptomen (Augenbrennen, Kopfschmerzen)<\/li>\n<li>Harmonisierung der Sehfunktion durch gezielte Entspannung- und Regeneration<\/li>\n<li>Anregungen zur Gestaltung eines augenfreundlichen Arbeitsplatzes<\/li>\n<li>augenfreundliches Lesen<\/li>\n<li>ergonomisches Sitzen<\/li>\n<li>Augengesundheit durch eine bewu\u00dfte Ern\u00e4hrung z.B. welchen erh\u00f6hten N\u00e4hrstoffbedarf hat mein Auge bei Arbeit im k\u00fcnstlichen Licht und bei PC &amp; Co<\/li>\n<li>Umgang mit Brille und anderen Sehhilfen<\/li>\n<\/ul>\n<p style=\"text-align: justify;\">Die von mir in dem Workshop gezeigten \u00dcbungen sind sogenannte <b>Mini-Maxi-\u00dcbungen<\/b>. Die \u00dcbung sind bei in einem <b>minimalen Zeitraum<\/b> von 3 -5 Minuten umsetzbar, sind leicht in den Arbeitsalltag integrierbaren und f\u00fchren zu einer maximalen Vitalisierung der Augen.<\/p>\n<p><b>Das ganzheitliche Augentraining biete ich in verschiedenen Varianten an<\/b><\/p>\n<ul>\n<li>Kurztrainings innerhalb von Gesundheitstagen in Firmen<\/li>\n<li>Kompaktworkshop halbt\u00e4gig ( 3 Stunden)<\/li>\n<li>ganzt\u00e4giger Intensivworkshop (6 Stunden)<\/li>\n<\/ul>\n<p style=\"text-align: justify;\">Die DAK Frankfurt \u00fcberpr\u00fcfte mit einer Fragebogenerhebung die Wirksamkeit von Sehtrainings. Der Studie zufolge stellten 47% der Teilnehmer eine Tendenz zur Verbesserung ihrer Sehf\u00e4higkeit fest, weitere 33% eine Stabilisierung zuvor nachlassender Sehkraft. Ganzheitliches Sehtraining wird bereits erfolgreich in vielen Betrieben angeboten.<\/p>\n","protected":false},"excerpt":{"rendered":"<p>Was hat Sehtraining mit meinem Betrieb zu tun? Tr\u00e4nende, juckende und m\u00fcde Augen entstehen schnell bei augenbelastenden T\u00e4tigkeiten wie das Arbeiten am PC, Laptop &amp; Co, im k\u00fcnstlichen Licht und bei starker Leset\u00e4tigkeit. Diese f\u00fcr die Augen belastenden Situationen geben uns Gef\u00fchle der M\u00fcdigkeit und der Gereiztheit und f\u00fchren h\u00e4ufig zu Einschr\u00e4nkungen der Konzentration. \u00dcber [&hellip;]<\/p>\n","protected":false},"author":1,"featured_media":193,"parent":11,"menu_order":0,"comment_status":"closed","ping_status":"open","template":"","meta":[],"_links":{"self":[{"href":"https:\/\/augenoase.info\/index.php?rest_route=\/wp\/v2\/pages\/52"}],"collection":[{"href":"https:\/\/augenoase.info\/index.php?rest_route=\/wp\/v2\/pages"}],"about":[{"href":"https:\/\/augenoase.info\/index.php?rest_route=\/wp\/v2\/types\/page"}],"author":[{"embeddable":true,"href":"https:\/\/augenoase.info\/index.php?rest_route=\/wp\/v2\/users\/1"}],"replies":[{"embeddable":true,"href":"https:\/\/augenoase.info\/index.php?rest_route=%2Fwp%2Fv2%2Fcomments&post=52"}],"version-history":[{"count":7,"href":"https:\/\/augenoase.info\/index.php?rest_route=\/wp\/v2\/pages\/52\/revisions"}],"predecessor-version":[{"id":196,"href":"https:\/\/augenoase.info\/index.php?rest_route=\/wp\/v2\/pages\/52\/revisions\/196"}],"up":[{"embeddable":true,"href":"https:\/\/augenoase.info\/index.php?rest_route=\/wp\/v2\/pages\/11"}],"wp:featuredmedia":[{"embeddable":true,"href":"https:\/\/augenoase.info\/index.php?rest_route=\/wp\/v2\/media\/193"}],"wp:attachment":[{"href":"https:\/\/augenoase.info\/index.php?rest_route=%2Fwp%2Fv2%2Fmedia&parent=52"}],"curies":[{"name":"wp","href":"https:\/\/api.w.org\/{rel}","templated":true}]}}