{"id":115,"date":"2015-01-07T12:32:03","date_gmt":"2015-01-07T11:32:03","guid":{"rendered":"http:\/\/augenoase.info\/?page_id=115"},"modified":"2021-03-09T12:49:38","modified_gmt":"2021-03-09T11:49:38","slug":"einzeltherapie","status":"publish","type":"page","link":"https:\/\/augenoase.info\/?page_id=115","title":{"rendered":"Ganzheitliche Einzeltherapie"},"content":{"rendered":"<p>In den Augen, dem Tor zu unserer Seele, zeigt sich oft die Balance von unserem K\u00f6rper und unserem inneren Sein. So nehmen wir mit den Augen optisch wahr, unser Gehirn verarbeitet diese Eindr\u00fccke zu Bildern, welche uns dann auf sehr unterschiedlicher Weise ber\u00fchren und k\u00f6rperliche Symptome ausl\u00f6sen k\u00f6nnem. Daher bed\u00fcrfen die Augen einen\u00a0 achtsamen und wertsch\u00e4tzenden Umgang.<\/p>\n<p>Mein ganzheitliches Angebot\u00a0 bezieht daher sowohl den ganzen K\u00f6rper als auch die Psyche\/Seele liebevoll ein. Nach meinem Gesundheitsverst\u00e4ndnis ben\u00f6tigen wir ein harmonisches Zusammenspiel auf allen Ebenen.<\/p>\n<p>Durch mein ganzheitliches Angebot m\u00f6chte ich verschiedene Behandlungsweisen anbieten:<\/p>\n<ul>\n<li>achtsamen Augen\u00fcbungen<\/li>\n<li>Augenkinesiologie<\/li>\n<li>Wirbels\u00e4ulenbalance<\/li>\n<li>Kieferbalance<\/li>\n<li>Lichtakupunktur sowie klassische Akupunktur f\u00fcr die Augen<\/li>\n<li>Traumabew\u00e4ltigung<\/li>\n<li>systemtherapeutischer Behandlungsans\u00e4tze<\/li>\n<\/ul>\n<p>&nbsp;<\/p>\n","protected":false},"excerpt":{"rendered":"<p>In den Augen, dem Tor zu unserer Seele, zeigt sich oft die Balance von unserem K\u00f6rper und unserem inneren Sein. So nehmen wir mit den Augen optisch wahr, unser Gehirn verarbeitet diese Eindr\u00fccke zu Bildern, welche uns dann auf sehr unterschiedlicher Weise ber\u00fchren und k\u00f6rperliche Symptome ausl\u00f6sen k\u00f6nnem. Daher bed\u00fcrfen die Augen einen\u00a0 achtsamen und [&hellip;]<\/p>\n","protected":false},"author":1,"featured_media":563,"parent":0,"menu_order":0,"comment_status":"closed","ping_status":"open","template":"","meta":[],"_links":{"self":[{"href":"https:\/\/augenoase.info\/index.php?rest_route=\/wp\/v2\/pages\/115"}],"collection":[{"href":"https:\/\/augenoase.info\/index.php?rest_route=\/wp\/v2\/pages"}],"about":[{"href":"https:\/\/augenoase.info\/index.php?rest_route=\/wp\/v2\/types\/page"}],"author":[{"embeddable":true,"href":"https:\/\/augenoase.info\/index.php?rest_route=\/wp\/v2\/users\/1"}],"replies":[{"embeddable":true,"href":"https:\/\/augenoase.info\/index.php?rest_route=%2Fwp%2Fv2%2Fcomments&post=115"}],"version-history":[{"count":9,"href":"https:\/\/augenoase.info\/index.php?rest_route=\/wp\/v2\/pages\/115\/revisions"}],"predecessor-version":[{"id":310,"href":"https:\/\/augenoase.info\/index.php?rest_route=\/wp\/v2\/pages\/115\/revisions\/310"}],"wp:featuredmedia":[{"embeddable":true,"href":"https:\/\/augenoase.info\/index.php?rest_route=\/wp\/v2\/media\/563"}],"wp:attachment":[{"href":"https:\/\/augenoase.info\/index.php?rest_route=%2Fwp%2Fv2%2Fmedia&parent=115"}],"curies":[{"name":"wp","href":"https:\/\/api.w.org\/{rel}","templated":true}]}}