{"id":106,"date":"2015-01-07T11:30:51","date_gmt":"2015-01-07T10:30:51","guid":{"rendered":"http:\/\/augenoase.info\/?page_id=106"},"modified":"2021-02-02T16:49:36","modified_gmt":"2021-02-02T15:49:36","slug":"was-ist-ganzheitliches-augentraining","status":"publish","type":"page","link":"https:\/\/augenoase.info\/?page_id=106","title":{"rendered":"Was ist ganzheitliches Augentraining?"},"content":{"rendered":"<div style=\"text-align: justify;\">Das ganzheitliche Augentraining hat das Ziel die Sehf\u00e4higkeit mit Freude zu unterst\u00fctzen und das Auge ganzheitlich zu st\u00e4rken. Mein Angebot basiert auf der Grundannahme, dass der Mensch eine Einheit aus verschiedenen Bereichen ist. So haben wir unseren K\u00f6rper, unsere Emotionen und unsere Seele. Alle Bereiche sind miteinander verbunden und beeinflussen sich gegenseitig. St\u00e4rken wir einen, so unterst\u00fctzen wir ebenso unsere anderen Anteile.<br \/>\nIn dem ganzheitlichen Augen- und Sehtraining erh\u00e4lt daher jeder Bereich seine Unterst\u00fctzung<\/div>\n<h3>Ein kleines Beispiel<\/h3>\n<p><!--more--><\/p>\n<div style=\"text-align: justify;\">Ein entspannter Nacken erm\u00f6glicht eine bessere Durchblutung des Sehzentrums, was eine bessere Versorgung der Augen zur Folge hat. Die Ursache f\u00fcr einen verh\u00e4rteten Nackenmuskel kann allerdings vielschichtig sein: sie k\u00f6nnen in der K\u00f6rperhaltung, im Stress, in einer \u00dcberbelastung, in Sorgen oder auch in der \u00fcberm\u00e4\u00dfigen Belastung im Sehvorgang liegen. Hier w\u00fcrde der \u00fcberlastete Sehvorgang die Nackenmuskeln verh\u00e4rten, die wiederum im verh\u00e4rteten Zustand die optimale Durchblutung des Sehzentrums einschr\u00e4nken. Ein ganzheitliches Augentraining unterst\u00fctzt mit gezielten, leicht erlernbaren \u00dcbungen den Sehvorgang, l\u00e4sst Ihre Augenmuskulaturen sich erholen und entspannt durch Ganzk\u00f6rper\u00fcbungen und Massagen Ihren Nacken sowie Ihren R\u00fccken.Eigentlich ist ein ganzheitliches Augentraining einer ganzheitlichen R\u00fcckenschule \u00e4hnlich, so wie wir nach einem R\u00fcckentraining und Massage wieder leichter sitzen und gehen k\u00f6nnen, so k\u00f6nnen sich unsere Augen nach einem ganzheitlichen Sehtraining leichter und kr\u00e4ftiger bewegen sowie mit mehr Freude Eindr\u00fccke aufnehmen.<\/div>\n<h3>F\u00fcr wen ist das ganzheitliche Augentraining geeignet?<\/h3>\n<div>\n<p style=\"text-align: justify;\">Es ist sowohl f\u00fcr die Personen geeignet die pr\u00e4ventiv ihre Augen unterst\u00fctzen m\u00f6chten (z.B. um eine Altersweitsichtigkeit zu vermeiden) als auch f\u00fcr Menschen die geschw\u00e4chte oder erkrankte Augen haben und ihre Augen st\u00e4rken m\u00f6chten.<\/p>\n<ul>\n<li>spezielle Kindersprechstunde mit spielerischen Methoden<\/li>\n<li>individuelle Einzeltherapien zur Unterst\u00fctzung des Auges und der Sehf\u00e4higkeit<\/li>\n<li>ganzheitliche Augenschule als Kursangebot<\/li>\n<li>Seminare und Workshop zu bestimmten Themen z.B. ganzheitliche Sehfreude an PC &amp; Co<\/li>\n<li>Firmenschulungen<\/li>\n<\/ul>\n<\/div>\n<h3>Einige Inhalte aus dem ganzheitlichen Augentraining<\/h3>\n<div>\n<ul>\n<li>st\u00e4rkende und entspannende Augen- und K\u00f6rper\u00fcbungen<\/li>\n<li>besseren Durchblutung der Netzhaut<\/li>\n<li>F\u00f6rderung der Augenbeweglichkeit<\/li>\n<li>St\u00e4rkung der Augenmauskulturen<\/li>\n<li>Aktivierung der Akkommodation und des peripheren Sehens<\/li>\n<li>Entspannungs- und Wahrnehmungs\u00fcbungen<\/li>\n<li>Ern\u00e4hrungstipps<\/li>\n<li>Informationen zum augenfreundlichen Arbeitsplatzes<\/li>\n<\/ul>\n<\/div>\n<h3>Zur weiteren Unterst\u00fctzung biete ich folgende ganzheitlichen Behandlungsmethoden an:<\/h3>\n<div>\n<ul>\n<li>Lichtakupunktur<\/li>\n<li>Augenkinesiologie<\/li>\n<li>Massagen z.B. Klangmassage<\/li>\n<li>naturheilkundliche Therapieformen<\/li>\n<\/ul>\n<\/div>\n<div>\n<h4>Mein Angebot \u2026 macht Spa\u00df und unterst\u00fctzt Ihre Sehf\u00e4higkeit und Sehfreude<\/h4>\n<\/div>\n","protected":false},"excerpt":{"rendered":"<p>Das ganzheitliche Augentraining hat das Ziel die Sehf\u00e4higkeit mit Freude zu unterst\u00fctzen und das Auge ganzheitlich zu st\u00e4rken. Mein Angebot basiert auf der Grundannahme, dass der Mensch eine Einheit aus verschiedenen Bereichen ist. So haben wir unseren K\u00f6rper, unsere Emotionen und unsere Seele. Alle Bereiche sind miteinander verbunden und beeinflussen sich gegenseitig. St\u00e4rken wir einen, [&hellip;]<\/p>\n","protected":false},"author":1,"featured_media":532,"parent":0,"menu_order":0,"comment_status":"closed","ping_status":"open","template":"","meta":[],"_links":{"self":[{"href":"https:\/\/augenoase.info\/index.php?rest_route=\/wp\/v2\/pages\/106"}],"collection":[{"href":"https:\/\/augenoase.info\/index.php?rest_route=\/wp\/v2\/pages"}],"about":[{"href":"https:\/\/augenoase.info\/index.php?rest_route=\/wp\/v2\/types\/page"}],"author":[{"embeddable":true,"href":"https:\/\/augenoase.info\/index.php?rest_route=\/wp\/v2\/users\/1"}],"replies":[{"embeddable":true,"href":"https:\/\/augenoase.info\/index.php?rest_route=%2Fwp%2Fv2%2Fcomments&post=106"}],"version-history":[{"count":4,"href":"https:\/\/augenoase.info\/index.php?rest_route=\/wp\/v2\/pages\/106\/revisions"}],"predecessor-version":[{"id":533,"href":"https:\/\/augenoase.info\/index.php?rest_route=\/wp\/v2\/pages\/106\/revisions\/533"}],"wp:featuredmedia":[{"embeddable":true,"href":"https:\/\/augenoase.info\/index.php?rest_route=\/wp\/v2\/media\/532"}],"wp:attachment":[{"href":"https:\/\/augenoase.info\/index.php?rest_route=%2Fwp%2Fv2%2Fmedia&parent=106"}],"curies":[{"name":"wp","href":"https:\/\/api.w.org\/{rel}","templated":true}]}}